{"id":857,"date":"2025-06-17T09:17:53","date_gmt":"2025-06-17T09:17:53","guid":{"rendered":"https:\/\/www.aracikargofirmalari.com\/?page_id=857"},"modified":"2025-12-04T08:04:50","modified_gmt":"2025-12-04T08:04:50","slug":"iletisim","status":"publish","type":"page","link":"https:\/\/www.aracikargofirmalari.com\/?page_id=857","title":{"rendered":"\u0130leti\u015fim"},"content":{"rendered":"\n<p>Arac\u0131 Kargo Firmas\u0131 Adres :\u200b Nerdeyiz : Oru\u00e7reis Mah. Tekstilkent Cad. \u0130\u015f Han\u0131 Bl. No:110 Ba\u011fc\u0131lar \/ \u0130STANBUL \u0130leti\u015fim :\u200b WhatsApp:\u200b(0545) 676 91 65<\/p>\n","protected":false},"excerpt":{"rendered":"<p>Arac\u0131 Kargo Firmas\u0131 Adres :\u200b Nerdeyiz : Oru\u00e7reis Mah. Tekstilkent Cad. \u0130\u015f Han\u0131 Bl. No:110 Ba\u011fc\u0131lar \/ \u0130STANBUL \u0130leti\u015fim :\u200b WhatsApp:\u200b(0545) 676 91 65<\/p>\n","protected":false},"author":1,"featured_media":986,"parent":0,"menu_order":0,"comment_status":"closed","ping_status":"closed","template":"","meta":{"saved_in_kubio":false,"footnotes":""},"class_list":["post-857","page","type-page","status-publish","has-post-thumbnail","hentry"],"kubio_ai_page_context":{"short_desc":"","purpose":"general"},"yoast_head":"<!-- This site is optimized with the Yoast SEO plugin v23.1 - https:\/\/yoast.com\/wordpress\/plugins\/seo\/ -->\n<title>Arac\u0131 kargo firmas\u0131 (@yolexpresss) WhatsApp:\u200b \u200b( 0546 766 25 53 )<\/title>\n<meta name=\"description\" content=\"Arac\u0131 Kargo Firmas\u0131 Adres :\u200b Tekstilkent Koza Plaza Oru\u00e7 Reis Mh. Tekstilkent Cd. No:12 B Blok ESENLER \/ \u0130STANBUL\/ \u0130leti\u015fim :\u200b WhatsApp:\u200b\u200b( 0546 766 25 53 )\" \/>\n<meta name=\"robots\" content=\"index, follow, max-snippet:-1, max-image-preview:large, max-video-preview:-1\" \/>\n<link rel=\"canonical\" href=\"https:\/\/www.aracikargofirmalari.com\/?page_id=857\" \/>\n<meta property=\"og:locale\" content=\"tr_TR\" \/>\n<meta property=\"og:type\" content=\"article\" \/>\n<meta property=\"og:title\" content=\"Arac\u0131 kargo firmas\u0131 (@yolexpresss) WhatsApp:\u200b \u200b( 0546 766 25 53 )\" \/>\n<meta property=\"og:description\" content=\"Arac\u0131 Kargo Firmas\u0131 Adres :\u200b Tekstilkent Koza Plaza Oru\u00e7 Reis Mh. Tekstilkent Cd. No:12 B Blok ESENLER \/ \u0130STANBUL\/ \u0130leti\u015fim :\u200b WhatsApp:\u200b\u200b( 0546 766 25 53 )\" \/>\n<meta property=\"og:url\" content=\"https:\/\/www.aracikargofirmalari.com\/?page_id=857\" \/>\n<meta property=\"og:site_name\" content=\"ARACI KARGO F\u0130RMASI\" \/>\n<meta property=\"article:publisher\" content=\"https:\/\/www.aracikargofirmalari.com\/\" \/>\n<meta property=\"article:modified_time\" content=\"2025-12-04T08:04:50+00:00\" \/>\n<meta property=\"og:image\" content=\"https:\/\/www.aracikargofirmalari.com\/wp-content\/uploads\/2025\/07\/araci-kargo-1.png\" \/>\n\t<meta property=\"og:image:width\" content=\"1080\" \/>\n\t<meta property=\"og:image:height\" content=\"1080\" \/>\n\t<meta property=\"og:image:type\" content=\"image\/png\" \/>\n<meta name=\"twitter:card\" content=\"summary_large_image\" \/>\n<script type=\"application\/ld+json\" class=\"yoast-schema-graph\">{\"@context\":\"https:\/\/schema.org\",\"@graph\":[{\"@type\":\"WebPage\",\"@id\":\"https:\/\/www.aracikargofirmalari.com\/?page_id=857\",\"url\":\"https:\/\/www.aracikargofirmalari.com\/?page_id=857\",\"name\":\"Arac\u0131 kargo firmas\u0131 (@yolexpresss) WhatsApp:\u200b \u200b( 0546 766 25 53 )\",\"isPartOf\":{\"@id\":\"https:\/\/www.aracikargofirmalari.com\/#website\"},\"primaryImageOfPage\":{\"@id\":\"https:\/\/www.aracikargofirmalari.com\/?page_id=857#primaryimage\"},\"image\":{\"@id\":\"https:\/\/www.aracikargofirmalari.com\/?page_id=857#primaryimage\"},\"thumbnailUrl\":\"https:\/\/www.aracikargofirmalari.com\/wp-content\/uploads\/2025\/07\/araci-kargo-1.png\",\"datePublished\":\"2025-06-17T09:17:53+00:00\",\"dateModified\":\"2025-12-04T08:04:50+00:00\",\"description\":\"Arac\u0131 Kargo Firmas\u0131 Adres :\u200b Tekstilkent Koza Plaza Oru\u00e7 Reis Mh. Tekstilkent Cd. No:12 B Blok ESENLER \/ \u0130STANBUL\/ \u0130leti\u015fim :\u200b WhatsApp:\u200b\u200b( 0546 766 25 53 )\",\"breadcrumb\":{\"@id\":\"https:\/\/www.aracikargofirmalari.com\/?page_id=857#breadcrumb\"},\"inLanguage\":\"tr\",\"potentialAction\":[{\"@type\":\"ReadAction\",\"target\":[\"https:\/\/www.aracikargofirmalari.com\/?page_id=857\"]}]},{\"@type\":\"ImageObject\",\"inLanguage\":\"tr\",\"@id\":\"https:\/\/www.aracikargofirmalari.com\/?page_id=857#primaryimage\",\"url\":\"https:\/\/www.aracikargofirmalari.com\/wp-content\/uploads\/2025\/07\/araci-kargo-1.png\",\"contentUrl\":\"https:\/\/www.aracikargofirmalari.com\/wp-content\/uploads\/2025\/07\/araci-kargo-1.png\",\"width\":1080,\"height\":1080},{\"@type\":\"BreadcrumbList\",\"@id\":\"https:\/\/www.aracikargofirmalari.com\/?page_id=857#breadcrumb\",\"itemListElement\":[{\"@type\":\"ListItem\",\"position\":1,\"name\":\"Anasayfa\",\"item\":\"https:\/\/www.aracikargofirmalari.com\/\"},{\"@type\":\"ListItem\",\"position\":2,\"name\":\"\u0130leti\u015fim\"}]},{\"@type\":\"WebSite\",\"@id\":\"https:\/\/www.aracikargofirmalari.com\/#website\",\"url\":\"https:\/\/www.aracikargofirmalari.com\/\",\"name\":\"ARACI KARGO\",\"description\":\"KAPIDA \u00d6DEME  | 0546 766 25 53 |\",\"publisher\":{\"@id\":\"https:\/\/www.aracikargofirmalari.com\/#organization\"},\"potentialAction\":[{\"@type\":\"SearchAction\",\"target\":{\"@type\":\"EntryPoint\",\"urlTemplate\":\"https:\/\/www.aracikargofirmalari.com\/?s={search_term_string}\"},\"query-input\":\"required name=search_term_string\"}],\"inLanguage\":\"tr\"},{\"@type\":\"Organization\",\"@id\":\"https:\/\/www.aracikargofirmalari.com\/#organization\",\"name\":\"Arac\u0131 Kargo Firmas\u0131\",\"url\":\"https:\/\/www.aracikargofirmalari.com\/\",\"logo\":{\"@type\":\"ImageObject\",\"inLanguage\":\"tr\",\"@id\":\"https:\/\/www.aracikargofirmalari.com\/#\/schema\/logo\/image\/\",\"url\":\"https:\/\/www.aracikargofirmalari.com\/wp-content\/uploads\/2025\/10\/aracikargo-firmasi.png\",\"contentUrl\":\"https:\/\/www.aracikargofirmalari.com\/wp-content\/uploads\/2025\/10\/aracikargo-firmasi.png\",\"width\":702,\"height\":465,\"caption\":\"Arac\u0131 Kargo Firmas\u0131\"},\"image\":{\"@id\":\"https:\/\/www.aracikargofirmalari.com\/#\/schema\/logo\/image\/\"},\"sameAs\":[\"https:\/\/www.aracikargofirmalari.com\/\"]}]}<\/script>\n<!-- \/ Yoast SEO plugin. -->","yoast_head_json":{"title":"Arac\u0131 kargo firmas\u0131 (@yolexpresss) WhatsApp:\u200b \u200b( 0546 766 25 53 )","description":"Arac\u0131 Kargo Firmas\u0131 Adres :\u200b Tekstilkent Koza Plaza Oru\u00e7 Reis Mh. Tekstilkent Cd. No:12 B Blok ESENLER \/ \u0130STANBUL\/ \u0130leti\u015fim :\u200b WhatsApp:\u200b\u200b( 0546 766 25 53 )","robots":{"index":"index","follow":"follow","max-snippet":"max-snippet:-1","max-image-preview":"max-image-preview:large","max-video-preview":"max-video-preview:-1"},"canonical":"https:\/\/www.aracikargofirmalari.com\/?page_id=857","og_locale":"tr_TR","og_type":"article","og_title":"Arac\u0131 kargo firmas\u0131 (@yolexpresss) WhatsApp:\u200b \u200b( 0546 766 25 53 )","og_description":"Arac\u0131 Kargo Firmas\u0131 Adres :\u200b Tekstilkent Koza Plaza Oru\u00e7 Reis Mh. Tekstilkent Cd. No:12 B Blok ESENLER \/ \u0130STANBUL\/ \u0130leti\u015fim :\u200b WhatsApp:\u200b\u200b( 0546 766 25 53 )","og_url":"https:\/\/www.aracikargofirmalari.com\/?page_id=857","og_site_name":"ARACI KARGO F\u0130RMASI","article_publisher":"https:\/\/www.aracikargofirmalari.com\/","article_modified_time":"2025-12-04T08:04:50+00:00","og_image":[{"width":1080,"height":1080,"url":"https:\/\/www.aracikargofirmalari.com\/wp-content\/uploads\/2025\/07\/araci-kargo-1.png","type":"image\/png"}],"twitter_card":"summary_large_image","schema":{"@context":"https:\/\/schema.org","@graph":[{"@type":"WebPage","@id":"https:\/\/www.aracikargofirmalari.com\/?page_id=857","url":"https:\/\/www.aracikargofirmalari.com\/?page_id=857","name":"Arac\u0131 kargo firmas\u0131 (@yolexpresss) WhatsApp:\u200b \u200b( 0546 766 25 53 )","isPartOf":{"@id":"https:\/\/www.aracikargofirmalari.com\/#website"},"primaryImageOfPage":{"@id":"https:\/\/www.aracikargofirmalari.com\/?page_id=857#primaryimage"},"image":{"@id":"https:\/\/www.aracikargofirmalari.com\/?page_id=857#primaryimage"},"thumbnailUrl":"https:\/\/www.aracikargofirmalari.com\/wp-content\/uploads\/2025\/07\/araci-kargo-1.png","datePublished":"2025-06-17T09:17:53+00:00","dateModified":"2025-12-04T08:04:50+00:00","description":"Arac\u0131 Kargo Firmas\u0131 Adres :\u200b Tekstilkent Koza Plaza Oru\u00e7 Reis Mh. Tekstilkent Cd. No:12 B Blok ESENLER \/ \u0130STANBUL\/ \u0130leti\u015fim :\u200b WhatsApp:\u200b\u200b( 0546 766 25 53 )","breadcrumb":{"@id":"https:\/\/www.aracikargofirmalari.com\/?page_id=857#breadcrumb"},"inLanguage":"tr","potentialAction":[{"@type":"ReadAction","target":["https:\/\/www.aracikargofirmalari.com\/?page_id=857"]}]},{"@type":"ImageObject","inLanguage":"tr","@id":"https:\/\/www.aracikargofirmalari.com\/?page_id=857#primaryimage","url":"https:\/\/www.aracikargofirmalari.com\/wp-content\/uploads\/2025\/07\/araci-kargo-1.png","contentUrl":"https:\/\/www.aracikargofirmalari.com\/wp-content\/uploads\/2025\/07\/araci-kargo-1.png","width":1080,"height":1080},{"@type":"BreadcrumbList","@id":"https:\/\/www.aracikargofirmalari.com\/?page_id=857#breadcrumb","itemListElement":[{"@type":"ListItem","position":1,"name":"Anasayfa","item":"https:\/\/www.aracikargofirmalari.com\/"},{"@type":"ListItem","position":2,"name":"\u0130leti\u015fim"}]},{"@type":"WebSite","@id":"https:\/\/www.aracikargofirmalari.com\/#website","url":"https:\/\/www.aracikargofirmalari.com\/","name":"ARACI KARGO","description":"KAPIDA \u00d6DEME  | 0546 766 25 53 |","publisher":{"@id":"https:\/\/www.aracikargofirmalari.com\/#organization"},"potentialAction":[{"@type":"SearchAction","target":{"@type":"EntryPoint","urlTemplate":"https:\/\/www.aracikargofirmalari.com\/?s={search_term_string}"},"query-input":"required name=search_term_string"}],"inLanguage":"tr"},{"@type":"Organization","@id":"https:\/\/www.aracikargofirmalari.com\/#organization","name":"Arac\u0131 Kargo Firmas\u0131","url":"https:\/\/www.aracikargofirmalari.com\/","logo":{"@type":"ImageObject","inLanguage":"tr","@id":"https:\/\/www.aracikargofirmalari.com\/#\/schema\/logo\/image\/","url":"https:\/\/www.aracikargofirmalari.com\/wp-content\/uploads\/2025\/10\/aracikargo-firmasi.png","contentUrl":"https:\/\/www.aracikargofirmalari.com\/wp-content\/uploads\/2025\/10\/aracikargo-firmasi.png","width":702,"height":465,"caption":"Arac\u0131 Kargo Firmas\u0131"},"image":{"@id":"https:\/\/www.aracikargofirmalari.com\/#\/schema\/logo\/image\/"},"sameAs":["https:\/\/www.aracikargofirmalari.com\/"]}]}},"_links":{"self":[{"href":"https:\/\/www.aracikargofirmalari.com\/index.php?rest_route=\/wp\/v2\/pages\/857","targetHints":{"allow":["GET"]}}],"collection":[{"href":"https:\/\/www.aracikargofirmalari.com\/index.php?rest_route=\/wp\/v2\/pages"}],"about":[{"href":"https:\/\/www.aracikargofirmalari.com\/index.php?rest_route=\/wp\/v2\/types\/page"}],"author":[{"embeddable":true,"href":"https:\/\/www.aracikargofirmalari.com\/index.php?rest_route=\/wp\/v2\/users\/1"}],"replies":[{"embeddable":true,"href":"https:\/\/www.aracikargofirmalari.com\/index.php?rest_route=%2Fwp%2Fv2%2Fcomments&post=857"}],"version-history":[{"count":1,"href":"https:\/\/www.aracikargofirmalari.com\/index.php?rest_route=\/wp\/v2\/pages\/857\/revisions"}],"predecessor-version":[{"id":859,"href":"https:\/\/www.aracikargofirmalari.com\/index.php?rest_route=\/wp\/v2\/pages\/857\/revisions\/859"}],"wp:featuredmedia":[{"embeddable":true,"href":"https:\/\/www.aracikargofirmalari.com\/index.php?rest_route=\/wp\/v2\/media\/986"}],"wp:attachment":[{"href":"https:\/\/www.aracikargofirmalari.com\/index.php?rest_route=%2Fwp%2Fv2%2Fmedia&parent=857"}],"curies":[{"name":"wp","href":"https:\/\/api.w.org\/{rel}","templated":true}]}}